{"id":18,"date":"2020-06-01T17:43:04","date_gmt":"2020-06-01T15:43:04","guid":{"rendered":"http:\/\/lafabriquamassages.eu\/?page_id=18"},"modified":"2023-06-21T05:00:32","modified_gmt":"2023-06-21T03:00:32","slug":"les-types-de-massage","status":"publish","type":"page","link":"https:\/\/lafabriquamassages.eu\/index.php\/les-tarifs\/les-types-de-massage\/","title":{"rendered":"Les types de massage"},"content":{"rendered":"\n<p>Nous vous proposons trois grands types de massage* adaptables \u00e0 tous (femme enceinte, personnes fragilis\u00e9es&#8230;)     <\/p>\n\n\n\n<p class=\"has-small-font-size\">*Massages non th\u00e9rapeutiques et \u00e0 caract\u00e8re non sexuel.<\/p>\n\n\n\n<figure class=\"wp-block-image\"><img decoding=\"async\" loading=\"lazy\" width=\"1024\" height=\"768\" src=\"http:\/\/lafabriquamassages.eu\/wp-content\/uploads\/2020\/06\/MBE2-1024x768.jpg\" alt=\"\" class=\"wp-image-41\" srcset=\"https:\/\/lafabriquamassages.eu\/wp-content\/uploads\/2020\/06\/MBE2-1024x768.jpg 1024w, https:\/\/lafabriquamassages.eu\/wp-content\/uploads\/2020\/06\/MBE2-300x225.jpg 300w, https:\/\/lafabriquamassages.eu\/wp-content\/uploads\/2020\/06\/MBE2-768x576.jpg 768w, https:\/\/lafabriquamassages.eu\/wp-content\/uploads\/2020\/06\/MBE2-80x60.jpg 80w, https:\/\/lafabriquamassages.eu\/wp-content\/uploads\/2020\/06\/MBE2-640x480.jpg 640w, https:\/\/lafabriquamassages.eu\/wp-content\/uploads\/2020\/06\/MBE2-110x83.jpg 110w\" sizes=\"(max-width: 1024px) 100vw, 1024px\" \/><\/figure>\n\n\n\n<p>Les massages bien-\u00eatre, Essentiel \u00ae ou Grand Relaxant\u00ae, massages complets du corps vous apporteront une d\u00e9tente profonde, en revitalisant corps et esprit par la pratique conjugu\u00e9e des techniques californienne et su\u00e9doise.<\/p>\n\n\n\n<p class=\"has-small-font-size\">Massages r\u00e9alis\u00e9s \u00e0 l&rsquo;huile v\u00e9g\u00e9tale bio avec ou sans adjonction d&rsquo;huiles essentielles, sur table de massage.<\/p>\n\n\n\n<p><\/p>\n\n\n\n<figure class=\"wp-block-image\"><img decoding=\"async\" loading=\"lazy\" width=\"1024\" height=\"768\" src=\"http:\/\/lafabriquamassages.eu\/wp-content\/uploads\/2020\/06\/RELAXINESIE1-1024x768.jpg\" alt=\"\" class=\"wp-image-43\" srcset=\"https:\/\/lafabriquamassages.eu\/wp-content\/uploads\/2020\/06\/RELAXINESIE1-1024x768.jpg 1024w, https:\/\/lafabriquamassages.eu\/wp-content\/uploads\/2020\/06\/RELAXINESIE1-300x225.jpg 300w, https:\/\/lafabriquamassages.eu\/wp-content\/uploads\/2020\/06\/RELAXINESIE1-768x576.jpg 768w, https:\/\/lafabriquamassages.eu\/wp-content\/uploads\/2020\/06\/RELAXINESIE1-80x60.jpg 80w, https:\/\/lafabriquamassages.eu\/wp-content\/uploads\/2020\/06\/RELAXINESIE1-640x480.jpg 640w, https:\/\/lafabriquamassages.eu\/wp-content\/uploads\/2020\/06\/RELAXINESIE1-110x83.jpg 110w\" sizes=\"(max-width: 1024px) 100vw, 1024px\" \/><\/figure>\n\n\n\n<p>La relaxin\u00e9sie\u00ae, par des mobilisations passives et des \u00e9tirements doux engendrera un rel\u00e2chement complet et un bien-\u00eatre imm\u00e9diat. Elle se pratique habill\u00e9 de v\u00eatements confortables sur tapis au sol ou sur une table de massage.<\/p>\n\n\n\n<p><\/p>\n\n\n\n<figure class=\"wp-block-image\"><img decoding=\"async\" loading=\"lazy\" width=\"1024\" height=\"768\" src=\"http:\/\/lafabriquamassages.eu\/wp-content\/uploads\/2020\/06\/MA-1024x768.jpg\" alt=\"\" class=\"wp-image-44\" srcset=\"https:\/\/lafabriquamassages.eu\/wp-content\/uploads\/2020\/06\/MA-1024x768.jpg 1024w, https:\/\/lafabriquamassages.eu\/wp-content\/uploads\/2020\/06\/MA-300x225.jpg 300w, https:\/\/lafabriquamassages.eu\/wp-content\/uploads\/2020\/06\/MA-768x576.jpg 768w, https:\/\/lafabriquamassages.eu\/wp-content\/uploads\/2020\/06\/MA-80x60.jpg 80w, https:\/\/lafabriquamassages.eu\/wp-content\/uploads\/2020\/06\/MA-640x480.jpg 640w, https:\/\/lafabriquamassages.eu\/wp-content\/uploads\/2020\/06\/MA-110x83.jpg 110w\" sizes=\"(max-width: 1024px) 100vw, 1024px\" \/><\/figure>\n\n\n\n<p>Le massage assis minute est un massage du haut du corps utilisant des manoeuvres \u00e9tudi\u00e9es pour relaxer le dos, les bras, les mains, la nuque et la t\u00eate. Pratiqu\u00e9 habill\u00e9 sur chaise ergonomique, il apportera une d\u00e9tente express alternant phases de relaxation et de dynamisation. Nous le proposons lors d&rsquo;\u00e9v\u00e9nements (salons, s\u00e9minaires&#8230;) ou en entreprise. N&rsquo;h\u00e9sitez pas \u00e0 nous contacter ! Devis gratuit.<\/p>\n\n\n\n<div class=\"wp-block-button\"><a class=\"wp-block-button__link\" href=\"http:\/\/lafabriquamassages.eu\/index.php\/les-tarifs\/\">Prestations et tarifs<\/a><\/div>\n","protected":false},"excerpt":{"rendered":"<p>Nous vous proposons trois grands types de massage* adaptables \u00e0 tous (femme enceinte, personnes fragilis\u00e9es&#8230;) *Massages non th\u00e9rapeutiques et \u00e0 caract\u00e8re non sexuel. Les massages bien-\u00eatre, Essentiel \u00ae ou Grand &hellip; <\/p>\n","protected":false},"author":1,"featured_media":0,"parent":22,"menu_order":0,"comment_status":"closed","ping_status":"closed","template":"","meta":[],"_links":{"self":[{"href":"https:\/\/lafabriquamassages.eu\/index.php\/wp-json\/wp\/v2\/pages\/18"}],"collection":[{"href":"https:\/\/lafabriquamassages.eu\/index.php\/wp-json\/wp\/v2\/pages"}],"about":[{"href":"https:\/\/lafabriquamassages.eu\/index.php\/wp-json\/wp\/v2\/types\/page"}],"author":[{"embeddable":true,"href":"https:\/\/lafabriquamassages.eu\/index.php\/wp-json\/wp\/v2\/users\/1"}],"replies":[{"embeddable":true,"href":"https:\/\/lafabriquamassages.eu\/index.php\/wp-json\/wp\/v2\/comments?post=18"}],"version-history":[{"count":11,"href":"https:\/\/lafabriquamassages.eu\/index.php\/wp-json\/wp\/v2\/pages\/18\/revisions"}],"predecessor-version":[{"id":147,"href":"https:\/\/lafabriquamassages.eu\/index.php\/wp-json\/wp\/v2\/pages\/18\/revisions\/147"}],"up":[{"embeddable":true,"href":"https:\/\/lafabriquamassages.eu\/index.php\/wp-json\/wp\/v2\/pages\/22"}],"wp:attachment":[{"href":"https:\/\/lafabriquamassages.eu\/index.php\/wp-json\/wp\/v2\/media?parent=18"}],"curies":[{"name":"wp","href":"https:\/\/api.w.org\/{rel}","templated":true}]}}