{"id":20,"date":"2020-06-01T17:50:14","date_gmt":"2020-06-01T15:50:14","guid":{"rendered":"http:\/\/lafabriquamassages.eu\/?page_id=20"},"modified":"2023-07-09T23:37:40","modified_gmt":"2023-07-09T21:37:40","slug":"la-praticienne","status":"publish","type":"page","link":"https:\/\/lafabriquamassages.eu\/index.php\/la-praticienne\/","title":{"rendered":"La praticienne"},"content":{"rendered":"<div class=\"wp-block-image\">\n<figure class=\"aligncenter\"><img decoding=\"async\" loading=\"lazy\" width=\"300\" height=\"300\" src=\"http:\/\/lafabriquamassages.eu\/wp-content\/uploads\/2020\/06\/DneU4E4R1KKaDYyz3ZrQ_thumb_1-1-300x300.jpg\" alt=\"\" class=\"wp-image-154\" srcset=\"https:\/\/lafabriquamassages.eu\/wp-content\/uploads\/2020\/06\/DneU4E4R1KKaDYyz3ZrQ_thumb_1-1-300x300.jpg 300w, https:\/\/lafabriquamassages.eu\/wp-content\/uploads\/2020\/06\/DneU4E4R1KKaDYyz3ZrQ_thumb_1-1-150x150.jpg 150w, https:\/\/lafabriquamassages.eu\/wp-content\/uploads\/2020\/06\/DneU4E4R1KKaDYyz3ZrQ_thumb_1-1-60x60.jpg 60w, https:\/\/lafabriquamassages.eu\/wp-content\/uploads\/2020\/06\/DneU4E4R1KKaDYyz3ZrQ_thumb_1-1.jpg 627w\" sizes=\"(max-width: 300px) 100vw, 300px\" \/><figcaption class=\"wp-element-caption\">Brigitte Voisin <br>Praticienne en massages bien-\u00eatre <\/figcaption><\/figure><\/div>\n\n\n<p>    Le  \u00ab&nbsp;prendre soin&nbsp;\u00bb  * a toujours \u00e9t\u00e9 au c\u0153ur de mes pr\u00e9occupations dans l&rsquo;exercice de mon m\u00e9tier d&rsquo;infirmi\u00e8re. Mes exp\u00e9riences personnelle et professionnelle , mes diverses formations m&rsquo;ont conduite \u00e0 valoriser le  \u00ab toucher-massage &nbsp;\u00bb dans la relation de soin, de par les bienfaits qu&rsquo;il procure (diminution de la douleur, de l&rsquo;anxi\u00e9t\u00e9, du stress li\u00e9s aux soins) et de par l&rsquo;alliance silencieuse et apaisante qu&rsquo;il cr\u00e9e avec l&rsquo;autre.<\/p>\n\n\n\n<p>    Le d\u00e9sir de placer le massage au c\u0153ur du soin et de favoriser le mieux-\u00eatre dans une perspective plus pr\u00e9ventive, m&rsquo;a conduite \u00e0 entreprendre une formation de massages Bien-\u00catre, suivie \u00e0 l\u2019\u00c9cole europ\u00e9enne de Toucher-Massages \u00ae IFJS. J&rsquo;y ai acquis les techniques du massage Essentiel\u00ae, de la Relaxin\u00e9sie\u00ae et du massage assis minute.<\/p>\n\n\n\n<p>    Aujourd&rsquo;hui je vous propose des massages dans une ambiance bienveillante et respectueuse, \u00e0 La Fabrique \u00e0 Massages.<\/p>\n\n\n\n<p class=\"has-small-font-size\">*L\u2019attitude du \u00ab&nbsp;prendre soin&nbsp;\u00bb fait appel \u00e0 une responsabilit\u00e9 pleine et enti\u00e8re, empreinte de sollicitude et du souci des autres.<\/p>\n","protected":false},"excerpt":{"rendered":"<p>Le \u00ab&nbsp;prendre soin&nbsp;\u00bb * a toujours \u00e9t\u00e9 au c\u0153ur de mes pr\u00e9occupations dans l&rsquo;exercice de mon m\u00e9tier d&rsquo;infirmi\u00e8re. Mes exp\u00e9riences personnelle et professionnelle , mes diverses formations m&rsquo;ont conduite \u00e0 &hellip; <\/p>\n","protected":false},"author":1,"featured_media":0,"parent":0,"menu_order":0,"comment_status":"closed","ping_status":"closed","template":"","meta":[],"_links":{"self":[{"href":"https:\/\/lafabriquamassages.eu\/index.php\/wp-json\/wp\/v2\/pages\/20"}],"collection":[{"href":"https:\/\/lafabriquamassages.eu\/index.php\/wp-json\/wp\/v2\/pages"}],"about":[{"href":"https:\/\/lafabriquamassages.eu\/index.php\/wp-json\/wp\/v2\/types\/page"}],"author":[{"embeddable":true,"href":"https:\/\/lafabriquamassages.eu\/index.php\/wp-json\/wp\/v2\/users\/1"}],"replies":[{"embeddable":true,"href":"https:\/\/lafabriquamassages.eu\/index.php\/wp-json\/wp\/v2\/comments?post=20"}],"version-history":[{"count":12,"href":"https:\/\/lafabriquamassages.eu\/index.php\/wp-json\/wp\/v2\/pages\/20\/revisions"}],"predecessor-version":[{"id":197,"href":"https:\/\/lafabriquamassages.eu\/index.php\/wp-json\/wp\/v2\/pages\/20\/revisions\/197"}],"wp:attachment":[{"href":"https:\/\/lafabriquamassages.eu\/index.php\/wp-json\/wp\/v2\/media?parent=20"}],"curies":[{"name":"wp","href":"https:\/\/api.w.org\/{rel}","templated":true}]}}