{"id":22,"date":"2020-06-01T17:51:00","date_gmt":"2020-06-01T15:51:00","guid":{"rendered":"http:\/\/lafabriquamassages.eu\/?page_id=22"},"modified":"2025-12-09T19:06:32","modified_gmt":"2025-12-09T18:06:32","slug":"les-tarifs","status":"publish","type":"page","link":"https:\/\/lafabriquamassages.eu\/index.php\/les-tarifs\/","title":{"rendered":"Prestations et  tarifs"},"content":{"rendered":"\n<h2 class=\"wp-block-heading\">Massages bien-\u00eatre (sur table de massage \u00e0 l&rsquo;huile bio)<\/h2>\n\n\n\n<p><\/p>\n\n\n\n<p><strong>Massage Essentiel<\/strong>\u00ae : Massage complet du corps pour une d\u00e9tente profonde en revitalisant corps et esprit, par la pratique conjugu\u00e9e des techniques californienne et su\u00e9doise. 88 \u20ac (1h15), 105 \u20ac (1h30)<\/p>\n\n\n\n<p><strong>Grand Relaxant<\/strong>\u00ae : Massage de la face post\u00e9rieure du corps apportant une grande d\u00e9tente de la nuque aux orteils. 70 \u20ac (1h)<\/p>\n\n\n\n<p><strong>Grand Dos<\/strong> : 35 \u20ac (30 min)<\/p>\n\n\n\n<p><strong>Massages jambes et pieds <\/strong>: 35 \u20ac (30 min)<\/p>\n\n\n\n<h2 class=\"wp-block-heading\">Relaxin\u00e9sie<\/h2>\n\n\n\n<p>50 \u20ac (45 min)<\/p>\n\n\n\n<p>Relaxation bas\u00e9e sur le l\u00e2cher prise, les mobilisations passives et les \u00e9tirements doux procurant un rel\u00e2chement complet et un bien-\u00eatre imm\u00e9diat. Elle se pratique habill\u00e9\u00b7e de v\u00eatements confortables sur un tapis de sol ou sur une table de massage.<\/p>\n\n\n\n<h2 class=\"wp-block-heading\">Massage assis, une d\u00e9tente express !<\/h2>\n\n\n\n<p>15 \u20ac (15 min)<\/p>\n\n\n\n<p>Pratiqu\u00e9 habill\u00e9\u00b7e sur une chaise de massage ergonomique, il relaxe le haut du corps (dos, \u00e9paules, nuque, t\u00eate, bras et mains).<\/p>\n\n\n\n<p><br><\/p>\n\n\n\n<p><\/p>\n\n\n\n<figure class=\"wp-block-table\"><table><tbody><tr><td>Paiement par ch\u00e8que, esp\u00e8ces ou virement.<br>Cartes cadeaux disponibles !<br>Carte de fid\u00e9lit\u00e9 offerte. <\/td><\/tr><\/tbody><\/table><\/figure>\n\n\n\n<p><em>Massage non th\u00e9rapeutique et \u00e0 caract\u00e8re non sexuel.<\/em><br><em>Prix net, TVA non applicable, article 293B du CGI. Possibilit\u00e9 de devis<\/em><\/p>\n\n\n\n<p><\/p>\n","protected":false},"excerpt":{"rendered":"<p>Massages bien-\u00eatre (sur table de massage \u00e0 l&rsquo;huile bio) Massage Essentiel\u00ae : Massage complet du corps pour une d\u00e9tente profonde en revitalisant corps et esprit, par la pratique conjugu\u00e9e des &hellip; <\/p>\n","protected":false},"author":1,"featured_media":0,"parent":0,"menu_order":0,"comment_status":"closed","ping_status":"closed","template":"","meta":[],"_links":{"self":[{"href":"https:\/\/lafabriquamassages.eu\/index.php\/wp-json\/wp\/v2\/pages\/22"}],"collection":[{"href":"https:\/\/lafabriquamassages.eu\/index.php\/wp-json\/wp\/v2\/pages"}],"about":[{"href":"https:\/\/lafabriquamassages.eu\/index.php\/wp-json\/wp\/v2\/types\/page"}],"author":[{"embeddable":true,"href":"https:\/\/lafabriquamassages.eu\/index.php\/wp-json\/wp\/v2\/users\/1"}],"replies":[{"embeddable":true,"href":"https:\/\/lafabriquamassages.eu\/index.php\/wp-json\/wp\/v2\/comments?post=22"}],"version-history":[{"count":33,"href":"https:\/\/lafabriquamassages.eu\/index.php\/wp-json\/wp\/v2\/pages\/22\/revisions"}],"predecessor-version":[{"id":220,"href":"https:\/\/lafabriquamassages.eu\/index.php\/wp-json\/wp\/v2\/pages\/22\/revisions\/220"}],"wp:attachment":[{"href":"https:\/\/lafabriquamassages.eu\/index.php\/wp-json\/wp\/v2\/media?parent=22"}],"curies":[{"name":"wp","href":"https:\/\/api.w.org\/{rel}","templated":true}]}}