{"id":26,"date":"2020-06-01T17:46:27","date_gmt":"2020-06-01T15:46:27","guid":{"rendered":"http:\/\/lafabriquamassages.eu\/?page_id=26"},"modified":"2020-06-09T08:22:38","modified_gmt":"2020-06-09T06:22:38","slug":"reserver-votre-massage-le-bon-cadeau","status":"publish","type":"page","link":"https:\/\/lafabriquamassages.eu\/index.php\/reserver-votre-massage-le-bon-cadeau\/","title":{"rendered":"Pour une r\u00e9servation, un bon cadeau, un devis"},"content":{"rendered":"\n<p>Envie d&rsquo;un massage ?                                                                                             Envie d&rsquo;offrir un massage ?                                                                                  Envie d&rsquo;offrir un massage assis  minute \u00e0 vos salari\u00e9s, vos invit\u00e9s ? Envie de plus d&rsquo;informations ?<\/p>\n\n\n\n<p>Appelez-moi ou laissez-moi un message au <\/p>\n\n\n\n<p><a href=\"tel:+33695646138\">06 95 64 61 38<\/a><\/p>\n\n\n\n<p>Ou envoyez un mail \u00e0  : <a href=\"mailto:lafabriquamassages@gmail.com\">lafabriquamassages@gmail.com<\/a><\/p>\n","protected":false},"excerpt":{"rendered":"<p>Envie d&rsquo;un massage ? Envie d&rsquo;offrir un massage ? Envie d&rsquo;offrir un massage assis minute \u00e0 vos salari\u00e9s, vos invit\u00e9s ? Envie de plus d&rsquo;informations ? Appelez-moi ou laissez-moi un &hellip; <\/p>\n","protected":false},"author":1,"featured_media":0,"parent":0,"menu_order":0,"comment_status":"closed","ping_status":"closed","template":"","meta":[],"_links":{"self":[{"href":"https:\/\/lafabriquamassages.eu\/index.php\/wp-json\/wp\/v2\/pages\/26"}],"collection":[{"href":"https:\/\/lafabriquamassages.eu\/index.php\/wp-json\/wp\/v2\/pages"}],"about":[{"href":"https:\/\/lafabriquamassages.eu\/index.php\/wp-json\/wp\/v2\/types\/page"}],"author":[{"embeddable":true,"href":"https:\/\/lafabriquamassages.eu\/index.php\/wp-json\/wp\/v2\/users\/1"}],"replies":[{"embeddable":true,"href":"https:\/\/lafabriquamassages.eu\/index.php\/wp-json\/wp\/v2\/comments?post=26"}],"version-history":[{"count":8,"href":"https:\/\/lafabriquamassages.eu\/index.php\/wp-json\/wp\/v2\/pages\/26\/revisions"}],"predecessor-version":[{"id":159,"href":"https:\/\/lafabriquamassages.eu\/index.php\/wp-json\/wp\/v2\/pages\/26\/revisions\/159"}],"wp:attachment":[{"href":"https:\/\/lafabriquamassages.eu\/index.php\/wp-json\/wp\/v2\/media?parent=26"}],"curies":[{"name":"wp","href":"https:\/\/api.w.org\/{rel}","templated":true}]}}